{"id":90,"date":"2021-06-01T10:59:44","date_gmt":"2021-06-01T10:59:44","guid":{"rendered":"http:\/\/zsprabino.edu.pl\/?page_id=90"},"modified":"2025-09-14T16:04:16","modified_gmt":"2025-09-14T16:04:16","slug":"pracownicy-administracji-i-obslugi","status":"publish","type":"page","link":"https:\/\/zsprabino.edu.pl\/index.php\/szkola\/pracownicy-szkoly\/pracownicy-administracji-i-obslugi\/","title":{"rendered":"Pracownicy administracji i obs\u0142ugi"},"content":{"rendered":"<div class=\"post-content\">\n<p style=\"font-size:18px\">sekretarka &#8211; Gajda Agnieszka <\/p>\n\n\n\n<p style=\"font-size:18px\">Grabek Anna<br><br>Cho\u0142uj Iwona<br>Kaczmarek Agnieszka<br>Klusek Ma\u0142gorzata<br>Turek Alicja<br>Maci\u0105\u017cek-Piasta Joanna<br>Sza\u0142ek Kamila<\/p>\n\n\n\n<p><\/p>\n<\/div>","protected":false},"excerpt":{"rendered":"<p>sekretarka &#8211; Gajda Agnieszka Grabek AnnaCho\u0142uj IwonaKaczmarek AgnieszkaKlusek Ma\u0142gorzataTurek AlicjaMaci\u0105\u017cek-Piasta<a href=\"https:\/\/zsprabino.edu.pl\/index.php\/szkola\/pracownicy-szkoly\/pracownicy-administracji-i-obslugi\/\" class=\"gutenlearn-readmore\">Read More<i class=\"fa fa-long-arrow-right\" aria-hidden=\"true\"><\/i><\/a><\/p>\n","protected":false},"author":3,"featured_media":0,"parent":45,"menu_order":0,"comment_status":"closed","ping_status":"closed","template":"","meta":{"disable_featured_image":false,"cybocfi_hide_featured_image":""},"rise-blocks_excerpt":"sekretarka &#8211; Gajda Agnieszka Grabek AnnaCho\u0142uj IwonaKaczmarek AgnieszkaKlusek Ma\u0142gorzataTurek AlicjaMaci\u0105\u017cek-Piasta JoannaSza\u0142ek Kamila","_links":{"self":[{"href":"https:\/\/zsprabino.edu.pl\/index.php\/wp-json\/wp\/v2\/pages\/90"}],"collection":[{"href":"https:\/\/zsprabino.edu.pl\/index.php\/wp-json\/wp\/v2\/pages"}],"about":[{"href":"https:\/\/zsprabino.edu.pl\/index.php\/wp-json\/wp\/v2\/types\/page"}],"author":[{"embeddable":true,"href":"https:\/\/zsprabino.edu.pl\/index.php\/wp-json\/wp\/v2\/users\/3"}],"replies":[{"embeddable":true,"href":"https:\/\/zsprabino.edu.pl\/index.php\/wp-json\/wp\/v2\/comments?post=90"}],"version-history":[{"count":11,"href":"https:\/\/zsprabino.edu.pl\/index.php\/wp-json\/wp\/v2\/pages\/90\/revisions"}],"predecessor-version":[{"id":6200,"href":"https:\/\/zsprabino.edu.pl\/index.php\/wp-json\/wp\/v2\/pages\/90\/revisions\/6200"}],"up":[{"embeddable":true,"href":"https:\/\/zsprabino.edu.pl\/index.php\/wp-json\/wp\/v2\/pages\/45"}],"wp:attachment":[{"href":"https:\/\/zsprabino.edu.pl\/index.php\/wp-json\/wp\/v2\/media?parent=90"}],"curies":[{"name":"wp","href":"https:\/\/api.w.org\/{rel}","templated":true}]}}