{"id":88,"date":"2021-06-01T10:59:44","date_gmt":"2021-06-01T10:59:44","guid":{"rendered":"http:\/\/zsprabino.edu.pl\/?page_id=88"},"modified":"2025-10-31T21:05:55","modified_gmt":"2025-10-31T21:05:55","slug":"grono-pedagogiczne","status":"publish","type":"page","link":"https:\/\/zsprabino.edu.pl\/index.php\/szkola\/pracownicy-szkoly\/grono-pedagogiczne\/","title":{"rendered":"Grono pedagogiczne"},"content":{"rendered":"<div class=\"post-content\">\n<p style=\"font-size:18px\">Dyrektor Szko\u0142y \u2013 Marek Kowalski, j\u0119zyk angielski, zaj\u0119cia dydaktyczne<\/p>\n\n\n\n<p style=\"font-size:18px\">Pedagog szkolny, doradztwo zawodowe, bibliotekarz,  &#8211; Szczesna Renata<\/p>\n\n\n\n<p style=\"font-size:18px\">Psycholog &#8211; Wi\u0119zowska Renata<br>Pedagog specjalny, nauczyciel wspomagaj\u0105cy, zaj\u0119cia rewalidacyjne &#8211; Korolak Anita<\/p>\n\n\n\n<p style=\"font-size:18px\">Przedszkolaki 3,4 letnie \u2013&nbsp;wychowawca Kozicka Marta\u2013 edukacja przedszkolna, Grze\u015bkowiak Aleksandra &#8211; edukacja przedszkolne, matematyka<br>Przedszkolaki 5 letnie \u2013 wychowawca Zagalska Paulina \u2013 edukacja przedszkolna, zaj\u0119cia rewalidacyjne<br>Zer\u00f3wka \u201e0\u201d \u2013 wychowawca Kucharska Aleksandra \u2013 edukacja przedszkolna, j. angielski (przedszkole)<br>I SP \u2013&nbsp; wychowawca Pedrycz Katarzyna\u2013 edukacja wczesnoszkolna, technika, zaj\u0119cia rewalidacyjne<br>II SP \u2013&nbsp;wychowawca Pa\u0142ka El\u017cbieta \u2013 edukacja wczesnoszkolna, zaj\u0119cia rewalidacyjne<br>III SP \u2013&nbsp;wychowawca Dzieruk Agnieszka&nbsp;\u2013 edukacja wczesnoszkolna, chemia<\/p>\n\n\n\n<p style=\"font-size:18px\">IV &#8211; wychowawca Pietraszewska Monika &#8211; j. polski, zaj\u0119cia rewalidacyjne<br>V \u2013 wychowawca Kie\u0142pi\u0144ska Agnieszka &#8211; w-f, edukacja dla bezpiecze\u0144stwa, plastyka<br>VI \u2013 wychowawca  Komorowska Anna &#8211; fizyka, informatyka, zaj\u0119cia rewalidacyjne, nauczyciel wspomagaj\u0105cy<br>VII \u2013 wychowawca Chrebor Ewa &#8211; muzyka, geografia, przyroda, informatyka, zaj\u0119cia korekcyjno-kompensacyjne, edukacja zdrowotna<\/p>\n\n\n\n<p style=\"font-size:18px\">VIII \u2013wychowawca Go\u0142\u0119biowska Marta &#8211; j. angielski<\/p>\n\n\n\n<p style=\"font-size:18px\"><br>Karmelita Piotr &#8211; historia, WOS<\/p>\n\n\n\n<p style=\"font-size:18px\">Ksi\u0105\u017cak Ma\u0142gorzata &#8211; religia<br>Szpak Pawe\u0142 &#8211; w-f<\/p>\n\n\n\n<p style=\"font-size:18px\">Nizio\u0142 Daria &#8211; biologia<\/p>\n\n\n\n<p style=\"font-size:18px\">Ogorza\u0142ek Katarzyna &#8211; j.polski <br>Sidorczuk &#8211; Trajer Ewelina \u2013 j. niemiecki<br>Glego\u0142a Martyna &#8211; logopedia, SI, \u015bwietlica<\/p>\n\n\n\n<p>Drabowicz Sara &#8211; \u015bwietlica<\/p>\n\n\n\n<p style=\"font-size:18px\">Wojtowicz Ma\u0142gorzata &#8211; nauczyciel wspomagaj\u0105cy, edukacja zdrowotna<\/p>\n\n\n\n<p style=\"font-size:18px\">Skoczyk Ewelina<br>Kaczmarek Estera<\/p>\n\n\n\n<p>Kaczmarek Marta<\/p>\n\n\n\n<p style=\"font-size:18px\">Okuszko Angelika  <\/p>\n\n\n\n<p><\/p>\n<\/div>","protected":false},"excerpt":{"rendered":"<p>Dyrektor Szko\u0142y \u2013 Marek Kowalski, j\u0119zyk angielski, zaj\u0119cia dydaktyczne Pedagog<a href=\"https:\/\/zsprabino.edu.pl\/index.php\/szkola\/pracownicy-szkoly\/grono-pedagogiczne\/\" class=\"gutenlearn-readmore\">Read More<i class=\"fa fa-long-arrow-right\" aria-hidden=\"true\"><\/i><\/a><\/p>\n","protected":false},"author":2,"featured_media":6423,"parent":45,"menu_order":0,"comment_status":"closed","ping_status":"closed","template":"","meta":{"disable_featured_image":false,"cybocfi_hide_featured_image":""},"rise-blocks_excerpt":"Dyrektor Szko\u0142y \u2013 Marek Kowalski, j\u0119zyk angielski, zaj\u0119cia dydaktyczne Pedagog szkolny, doradztwo zawodowe, bibliotekarz, &#8211; Szczesna Renata Psycholog &#8211; Wi\u0119zowska RenataPedagog specjalny, nauczyciel wspomagaj\u0105cy, zaj\u0119cia rewalidacyjne &#8211; Korolak Anita Przedszkolaki 3,4 letnie \u2013&nbsp;wychowawca Kozicka Marta\u2013 edukacja przedszkolna, Grze\u015bkowiak Aleksandra &#8211; edukacja przedszkolne, matematykaPrzedszkolaki 5 letnie \u2013 wychowawca Zagalska Paulina \u2013 edukacja przedszkolna, zaj\u0119cia rewalidacyjneZer\u00f3wka \u201e0\u201d \u2013 wychowawca Kucharska Aleksandra \u2013..","_links":{"self":[{"href":"https:\/\/zsprabino.edu.pl\/index.php\/wp-json\/wp\/v2\/pages\/88"}],"collection":[{"href":"https:\/\/zsprabino.edu.pl\/index.php\/wp-json\/wp\/v2\/pages"}],"about":[{"href":"https:\/\/zsprabino.edu.pl\/index.php\/wp-json\/wp\/v2\/types\/page"}],"author":[{"embeddable":true,"href":"https:\/\/zsprabino.edu.pl\/index.php\/wp-json\/wp\/v2\/users\/2"}],"replies":[{"embeddable":true,"href":"https:\/\/zsprabino.edu.pl\/index.php\/wp-json\/wp\/v2\/comments?post=88"}],"version-history":[{"count":31,"href":"https:\/\/zsprabino.edu.pl\/index.php\/wp-json\/wp\/v2\/pages\/88\/revisions"}],"predecessor-version":[{"id":6424,"href":"https:\/\/zsprabino.edu.pl\/index.php\/wp-json\/wp\/v2\/pages\/88\/revisions\/6424"}],"up":[{"embeddable":true,"href":"https:\/\/zsprabino.edu.pl\/index.php\/wp-json\/wp\/v2\/pages\/45"}],"wp:featuredmedia":[{"embeddable":true,"href":"https:\/\/zsprabino.edu.pl\/index.php\/wp-json\/wp\/v2\/media\/6423"}],"wp:attachment":[{"href":"https:\/\/zsprabino.edu.pl\/index.php\/wp-json\/wp\/v2\/media?parent=88"}],"curies":[{"name":"wp","href":"https:\/\/api.w.org\/{rel}","templated":true}]}}