{"id":85,"date":"2021-06-01T10:59:44","date_gmt":"2021-06-01T10:59:44","guid":{"rendered":"http:\/\/zsprabino.edu.pl\/?page_id=85"},"modified":"2021-06-15T20:42:49","modified_gmt":"2021-06-15T20:42:49","slug":"historia-szkoly","status":"publish","type":"page","link":"https:\/\/zsprabino.edu.pl\/index.php\/szkola\/historia-szkoly\/","title":{"rendered":"Historia szkoly"},"content":{"rendered":"<div class=\"post-content\">\n<h3 class=\"has-text-align-center has-medium-font-size\">WPROWADZENIE<\/h3>\n\n\n\n<p>   Rok 1945 rozpoczyna\u0142 swoist\u0105 rewolucje na ziemiach polskich budow\u0119 powojennej rzeczywisto\u015bci na gruzach i zgliszczach w granicach nowego terytorium. Szczeg\u00f3lna rola przypad\u0142a w\u00f3wczas o\u015bwiacie. Polska szko\u0142a stanowi\u0142a wa\u017cny element stabilizacji dla tych, kt\u00f3rzy Pomorze Zachodnie wybrali na swoja ma\u0142\u0105 ojczyzn\u0119. Pierwsze powojenne lata czyni\u0142y ze szk\u00f3\u0142 centrum dzia\u0142alno\u015bci spo\u0142ecznej. Tu odbywa\u0142y si\u0119 okoliczno\u015bciowe akademie, zabawy, spotkania mieszka\u0144c\u00f3w, kursy i szkolenia.<\/p>\n\n\n\n<p>   W roku 1946 w okolicach \u015awidwina istnia\u0142y 42 szko\u0142y z 1500 uczniami. Dzia\u0142alno\u015b\u0107 rozpocz\u0119\u0142y m.in. plac\u00f3wki w miejscowo\u015bciach: R\u0105bino, Bia\u0142a g\u00f3ra, Bia\u0142y Zdr\u00f3j, Czarnkowo, Gaworkowo, Gawroniec, Przyrzecze, Lipie, \u0141\u0119gi, Mys\u0142owice, Nielep, Powalice, Rola, S\u0142onowice, Stare \u015alepce, Wi\u0119c\u0142aw, Zaj\u0105czkowo.<\/p>\n\n\n\n<h3 class=\"has-text-align-center has-medium-font-size\">TU SI\u0118 WSZYSTKO ZACZE\u0141O<\/h3>\n\n\n\n<p>   W ma\u0142ym, ale malowniczo po\u0142o\u017conym Rabinie, na wzniesieniu nieopodal ko\u015bcio\u0142a parafialnego, pi\u0119trzy\u0142 si\u0119 okaza\u0142y budynek nr 57. W roku 1946 \u00f3wczesne w\u0142adze przeznacza\u0142y go na dzia\u0142alno\u015b\u0107 Szko\u0142y Podstawowej w Rabinie. Organizacj\u0119 tego przedsi\u0119wzi\u0119cia powierzono p. Kwa\u015bniewskiej.<\/p>\n\n\n\n<p>   Funkcj\u0119 pierwszego kierownika pe\u0142ni\u0142 p. Marcinczak po nim funkcj\u0119 t\u0119 obj\u0119\u0142a p. Bielecka, a nast\u0119pnie wspomniana p. Stanis\u0142awa Kwa\u015bniewska. Od 1962 roku stanowisko kierownika szko\u0142y obj\u0105\u0142 p. Zygmunt W\u00f3\u017aniak, by po 10 latach odda\u0107 je w r\u0119ce p. Marii Kopij. Z kolej w 1981 roku dyrektorem szko\u0142y zosta\u0142a p. Wanda Onufryk, a w latach 1983-1987 funkcj\u0119 t\u0119 sprawowa\u0142a . Izabela Nowakowska. Od 1987 do 2004 roku szko\u0142a kierowa\u0142 p. Waldemar Sidorski, a od 1.09.2004 roku do 2017 funkcj\u0119 dyrektora sprawowa\u0142a p. Wioletta Michalska-St\u0119pie\u0144.<\/p>\n\n\n\n<h3 class=\"has-text-align-center has-medium-font-size\">HUCZNE OBCHODY <br>20 LAT ISTNIENIA SZKO\u0141Y<\/h3>\n\n\n\n<p>   Donios\u0142ym wydarzeniem w roku 1966 by\u0142o \u015bwi\u0119towanie 20 lat dzia\u0142alno\u015bci Szko\u0142y Podstawowej w Rabinie. To w\u0142a\u015bnie w\u00f3wczas nadano jej patrona, kt\u00f3rym zosta\u0142 wieszcz Adam Mickiewicz oraz przekazano pi\u0119kny sztandar ufundowany przez spo\u0142eczno\u015b\u0107 Rabina. Symbolem tamtych dni s\u0105 rosn\u0105ce do dzi\u015b trzy bujne \u015bwierki posadzone wtedy przed budynkiem nr 57. Nale\u017cy w tym miejscu nadmieni\u0107, i\u017c nasza plac\u00f3wka mie\u015bci\u0142a si\u0119 w\u00f3wczas w dw\u00f3ch budynkach, a drugim by\u0142 tzw. pa\u0142ac z 1920 roku, w kt\u00f3rym pomieszczenia na parterze zaadaptowano na klasy lekcyjne.<\/p>\n\n\n\n<h3 class=\"has-text-align-center has-medium-font-size\">REFORMY, REFORMY<\/h3>\n\n\n\n<p>   Od roku szkolnego 1962\/63 zacz\u0119to wprowadza\u0107 w \u017cycie za\u0142o\u017cenia programowo organizacyjne o\u015bmioklasowej szko\u0142y podstawowej z uwagi na to, i\u017c siedmioklasowa szko\u0142a podstawowa nie dawa\u0142a uczniowi wystarczaj\u0105cego zasobu wiedzy i umiej\u0119tno\u015bci potrzebnych do dalszego specjalistycznego kszta\u0142cenia si\u0119 i podejmowania pracy zawodowej. Pierwsi absolwenci opu\u015bcili ten typ szko\u0142y w 1967 roku.<\/p>\n\n\n\n<p>   W roku 1973 zlikwidowano w Polsce gromady, tworz\u0105c gminy. Dwa lata p\u00f3\u017aniej przesta\u0142y istnie\u0107 powiaty, w tym \u015bwidwi\u0144ski. Reformy administracyjne i organizacje przynios\u0142y znaczne zmniejszenie liczby szk\u00f3\u0142, na szcz\u0119\u015bcie nasza si\u0119 osta\u0142a. Tak jak wiele innych plac\u00f3wek sta\u0142a si\u0119 zbiorcza szko\u0142\u0105 gminn\u0105.<\/p>\n\n\n\n<h3 class=\"has-text-align-center has-medium-font-size\">BUDOWA HALI SPORTOWEJ<\/h3>\n\n\n\n<p>   Kolejnym wa\u017cnym wydarzeniem by\u0142o oddanie do u\u017cytku upragnionego przez uczni\u00f3w obiektu sportowego, kt\u00f3ry sta\u0142 si\u0119 duma i wizyt\u00f3wka naszej szko\u0142y oraz miejscowo\u015bci. Uroczysto\u015b\u0107 ta mia\u0142a miejsce w 1998 roku i zaproszono na ni\u0105 wielu znamienitych go\u015bci. Specjalne podzi\u0119kowania skierowano do w\u00f3jta p. Krzysztofa Majewskiego i radnych gminy R\u0105bino, kt\u00f3rzy przyczynili si\u0119 do budowy tego obiektu. Na przestrzeni kilkunastu kolejnych lat nasza baza sportowa\u00a0 poszerzy\u0142a si\u0119 o boiska, kt\u00f3re oddawano do u\u017cytku sukcesywnie w roku 2006 i 2011. S\u0142u\u017c\u0105 do teraz m\u0142odszym i starszym uczniom naszej szko\u0142y.<\/p>\n\n\n\n<h3 class=\"has-text-align-center has-medium-font-size\">POWSTANIE GIMNAZJUM, <br>CZYLI REFORM CIAG DALSZY<\/h3>\n\n\n\n<p>   Rok 1999 przyni\u00f3s\u0142 kolejne reformy i zmiany. W miejsce dotychczasowej o\u015bmioklasowej szko\u0142y podstawowej wprowadzono sze\u015bcioletnia szko\u0142\u0119 podstawowa, a na jej bazie trzyletnie gimnazjum. W\u00f3wczas zmieni\u0142a si\u0119 tak\u017ce nazwa szko\u0142y Zesp\u00f3\u0142 Szk\u00f3\u0142 W Rabinie, kt\u00f3ry \u0142\u0105czy\u0142 w sobie Szko\u0142\u0119 Podstawowa im. A. Mickiewicza oraz Publiczne Gimnazjum. W roku szkolnym 2005\/2006 do\u0142\u0105czono r\u00f3wnie\u017c Gminne Przedszkole.<\/p>\n\n\n\n<h3 class=\"has-text-align-center has-medium-font-size\">BUDOWA GIMNAZJUM<\/h3>\n\n\n\n<p>\u00a0   Z uwagi na reform\u0119 i rosn\u0105c\u0105 liczb\u0119 uczni\u00f3w (ponad 400) zaistnia\u0142a potrzeba budowy obiektu, kt\u00f3ry sprosta\u0142by wymogom edukacji w XXI w. W tamtym okresie nasza plac\u00f3wka poszerzy\u0142a si\u0119 tak\u017ce o gminne przedszkole, kt\u00f3re sta\u0142o si\u0119 jej integralna cz\u0119\u015bci\u0105.<\/p>\n\n\n\n<p>   Marzenia uczni\u00f3w, nauczycieli i rodzic\u00f3w zi\u015bci\u0142y si\u0119 za sprawa w\u0142adz gminy R\u0105bino na czele z w\u00f3jtem Krzysztofem Majewskim i przewodnicz\u0105cym rady p. Miros\u0142awem Wo\u017aniakiem.<\/p>\n\n\n\n<p>   5 wrze\u015bnia 2005 roku zosta\u0142 oddany do u\u017cytku nowy gmach gimnazjum po\u0142\u0105czony ze starym budynkiem oraz hala gimnastyczn\u0105. Dzi\u0119ki temu powsta\u0142 nowoczesny i dobrze wyposa\u017cony kompleks edukacyjny. Mogli go podziwia\u0107 licznie przybywali go\u015bcie, z w\u0142adzami wojew\u00f3dztwa w\u0142\u0105cznie, gdy\u017c go\u015bcili\u015bmy m.in. wojewod\u0119 zachodniopomorskiego p. Stanis\u0142awa Wziatka, marsza\u0142ka wojew\u00f3dztwa p. prof. Zygmunta Meyera oraz pos\u0142ank\u0119 p. Zofi\u0119 Wilczy\u0144ska i senatora p. Witolda G\u0142adkowskiego.<\/p>\n\n\n\n<p>&nbsp;&nbsp; W murach nowej auli dumnie brzmia\u0142y fragmenty Zemsty A. Fredry oraz piosenki wykonane przez szkolny ch\u00f3r.<\/p>\n\n\n\n<h3 class=\"has-text-align-center has-medium-font-size\">OBCHODY 60 LAT ISTNIENIA <br>SZKO\u0141Y PODSTAWOWEJ W RABINIE<\/h3>\n\n\n\n<p>   W 2006 roku odby\u0142y si\u0119 obchody 60 lat istnienia naszej szko\u0142y. Odkurzono i naprawiono nasz leciwy, ale pi\u0119kny sztandar \u015bwiadek zmieniaj\u0105cej si\u0119 historii i przeobra\u017ce\u0144 systemowych. Uczniowie zaprezentowali w czasie swego wyst\u0119pu, jak wygl\u0105da\u0142a nauka w szkole na przestrzeni tych 60 lat. Pojawi\u0142y si\u0119 wiersze i piosenki w stylu retro, aby przywo\u0142a\u0107 klimat minionych dni. By\u0142a r\u00f3wnie\u017c wystawa starych zdj\u0119\u0107 i wspomnienia tych, kt\u00f3rzy wsp\u00f3\u0142tworzyli nasza plac\u00f3wk\u0119, pracuj\u0105c w niej wiele lat.<\/p>\n\n\n\n<p>   Otwarto r\u00f3wnie\u017c sal\u0119 rewalidacyjna, kt\u00f3ra mia\u0142a odt\u0105d s\u0142u\u017cy\u0107 uczniom z deficytami rozwojowymi i wspomaga\u0107 ich edukacj\u0119. By\u0142a to odpowied\u017a na nowe za\u0142o\u017cenia o\u015bwiatowe nak\u0142adaj\u0105ce na szko\u0142\u0119 obowi\u0105zek pracy z uczniem niepe\u0142nosprawnym i indywidualnie podej\u015bcie do ka\u017cdego ucznia.<\/p>\n\n\n\n<h3 class=\"has-text-align-center has-medium-font-size\">REMONT NAJSTARSZEJ <br>CZ\u0118\u015aCI SZKO\u0141Y<\/h3>\n\n\n\n<p>   I wracamy do pocz\u0105tk\u00f3w po ponad 60 lat eksploatacji budynku na wzg\u00f3rzu trzeba by\u0142o podda\u0107 go renowacji, czyli odm\u0142odzi\u0107 nasza staruszk\u0119, aby pasowa\u0142a wizerunkowo do nowej cz\u0119\u015bci szko\u0142y. Uroczyste otwarcie budynku po remoncie nast\u0105pi\u0142o 19.10.2009 roku. Znalaz\u0142y si\u0119 tam sale dla m\u0142odszych uczni\u00f3w, nowa sto\u0142\u00f3wka i szatnie, a na g\u00f3rze ca\u0142a cz\u0119\u015b\u0107 przedszkolna oraz ma\u0142a salka gimnastyczna. Po kilku latach, w 2015 roku w jednej z klas na I pi\u0119trze powsta\u0142a \u015bwietnie wyposa\u017cona sala bior\u00f3\u017cnorodno\u015bci, w kt\u00f3rej uczniowie odkrywaj\u0105 tajemnice przyrody.<\/p>\n\n\n\n<h3 class=\"has-text-align-center has-medium-font-size\">KOLEJNY JUBILEUSZ TU\u017b, TU\u017b<\/h3>\n\n\n\n<p>    Snujemy t\u0119 opowie\u015b\u0107 o szkole w przededniu jej kolejnego \u015bwi\u0119ta, tym razem 70 lat istnienia.\u00a0 My\u015blimy o ludziach, kt\u00f3rzy w jej murach zdobywali wiedz\u0119, prze\u017cywali pierwsze rozterki, pierwsze mi\u0142o\u015bci. Wspominamy tych, kt\u00f3rzy cierpliwie t\u0119 wiedz\u0119 przelewali do g\u0142\u00f3w, pochylali si\u0119 nad problemami uczni\u00f3w, pr\u00f3buj\u0105c je zrozumie\u0107 i im zaradzi\u0107. Pami\u0119tamy tych, kt\u00f3rzy trudzili si\u0119, by by\u0142o wszystkim w szkole czysto i mi\u0142o.<\/p>\n\n\n\n<p>Pokolenia pokoleniom niechaj przekazuja pami\u0119c o tym miejscu, o tych ludziach.<\/p>\n<\/div>","protected":false},"excerpt":{"rendered":"<p>WPROWADZENIE Rok 1945 rozpoczyna\u0142 swoist\u0105 rewolucje na ziemiach polskich budow\u0119<a href=\"https:\/\/zsprabino.edu.pl\/index.php\/szkola\/historia-szkoly\/\" class=\"gutenlearn-readmore\">Read More<i class=\"fa fa-long-arrow-right\" aria-hidden=\"true\"><\/i><\/a><\/p>\n","protected":false},"author":2,"featured_media":0,"parent":43,"menu_order":0,"comment_status":"closed","ping_status":"closed","template":"","meta":{"disable_featured_image":false,"cybocfi_hide_featured_image":""},"rise-blocks_excerpt":"WPROWADZENIE Rok 1945 rozpoczyna\u0142 swoist\u0105 rewolucje na ziemiach polskich budow\u0119 powojennej rzeczywisto\u015bci na gruzach i zgliszczach w granicach nowego terytorium. Szczeg\u00f3lna rola przypad\u0142a w\u00f3wczas o\u015bwiacie. Polska szko\u0142a stanowi\u0142a wa\u017cny element stabilizacji dla tych, kt\u00f3rzy Pomorze Zachodnie wybrali na swoja ma\u0142\u0105 ojczyzn\u0119. Pierwsze powojenne lata czyni\u0142y ze szk\u00f3\u0142 centrum dzia\u0142alno\u015bci spo\u0142ecznej. Tu odbywa\u0142y si\u0119 okoliczno\u015bciowe akademie, zabawy, spotkania mieszka\u0144c\u00f3w, kursy i..","_links":{"self":[{"href":"https:\/\/zsprabino.edu.pl\/index.php\/wp-json\/wp\/v2\/pages\/85"}],"collection":[{"href":"https:\/\/zsprabino.edu.pl\/index.php\/wp-json\/wp\/v2\/pages"}],"about":[{"href":"https:\/\/zsprabino.edu.pl\/index.php\/wp-json\/wp\/v2\/types\/page"}],"author":[{"embeddable":true,"href":"https:\/\/zsprabino.edu.pl\/index.php\/wp-json\/wp\/v2\/users\/2"}],"replies":[{"embeddable":true,"href":"https:\/\/zsprabino.edu.pl\/index.php\/wp-json\/wp\/v2\/comments?post=85"}],"version-history":[{"count":11,"href":"https:\/\/zsprabino.edu.pl\/index.php\/wp-json\/wp\/v2\/pages\/85\/revisions"}],"predecessor-version":[{"id":886,"href":"https:\/\/zsprabino.edu.pl\/index.php\/wp-json\/wp\/v2\/pages\/85\/revisions\/886"}],"up":[{"embeddable":true,"href":"https:\/\/zsprabino.edu.pl\/index.php\/wp-json\/wp\/v2\/pages\/43"}],"wp:attachment":[{"href":"https:\/\/zsprabino.edu.pl\/index.php\/wp-json\/wp\/v2\/media?parent=85"}],"curies":[{"name":"wp","href":"https:\/\/api.w.org\/{rel}","templated":true}]}}