{"id":5886,"date":"2025-04-01T15:33:05","date_gmt":"2025-04-01T15:33:05","guid":{"rendered":"http:\/\/zsprabino.edu.pl\/?page_id=5886"},"modified":"2025-04-02T14:35:47","modified_gmt":"2025-04-02T14:35:47","slug":"o-tych-ktorzy-odeszli","status":"publish","type":"page","link":"https:\/\/zsprabino.edu.pl\/index.php\/o-tych-ktorzy-odeszli\/","title":{"rendered":"&#8222;O tych, kt\u00f3rzy odeszli&#8230;&#8221;"},"content":{"rendered":"<div class=\"post-content\">\n<p><strong>&#8221; Do zobaczenia&#8230;&#8221;<\/strong><\/p>\n\n\n\n<p>&nbsp;&nbsp;&nbsp;&nbsp;&nbsp;&nbsp;&nbsp;&nbsp;&nbsp; Dnia 6.03.2025 roku podczas ceremonii w ko\u015bciele parafialnym i na cmentarzu w Nielepie z \u017calem po\u017cegnali\u015bmy wieloletniego nauczyciela i wychowawc\u0119 w Szkole Podstawowej w R\u0105binie &#8211; <strong>Pana J\u00f3zefa Chmur\u0119.<\/strong><\/p>\n\n\n\n<p><strong>Chcemy jako spo\u0142eczno\u015b\u0107 szko\u0142y, uczci\u0107 Jego pami\u0119\u0107 i wyrazi\u0107 wielk\u0105 wdzi\u0119czno\u015b\u0107 za 40 lat wyt\u0119\u017conej pracy dydaktyczno &#8211; wychowawczej.<\/strong><\/p>\n\n\n\n<p>Oto fragmenty mowy po\u017cegnalnej z tej uroczysto\u015bci:<\/p>\n\n\n\n<p>&#8222;Staje nam przed oczyma charakterystyczna mocna sylwetka z u\u015bmiechem spod w\u0105sa, s\u0142yszymy dono\u015bny g\u0142os i czujemy przenikliwe spojrzenie&#8230;<\/p>\n\n\n\n<p>Uczniowie cz\u0119sto m\u00f3wili \u017cartobliwie D\u017cosef, uczyli si\u0119 geografii, matematyki, techniki. Lubili \u017cartowa\u0107 z Panem na przerwach. Ci bardziej oporni dostawali czasem par\u0119 szybkich na zapleczu, bo dyscyplina by\u0142a wa\u017cna, jednak mogli liczy\u0107 na&nbsp; Pana wsparcie i pomoc.<\/p>\n\n\n\n<p>Starsze sta\u017cem kole\u017canki wspominaj\u0105, \u017ce by\u0142&nbsp; Pan dobrym koleg\u0105, uczciwym cz\u0142owiekiem i szanowanym nauczycielem. My, jako m\u0142ode nauczycielki z podziwem obserwowa\u0142y\u015bmy \u015bwietn\u0105 organizacj\u0119 na Pana wycieczkach, szybkie reagowanie na niebezpieczne sytuacje na przerwach lub lekcjach.<\/p>\n\n\n\n<p>Z czas\u00f3w Pana emerytury wspominamy wyhodowane przez Pana w ogrodzie przepyszne pachn\u0105ce s\u0142o\u0144cem pomidory, kt\u00f3rymi nas Pan cz\u0119stowa\u0142. Nie skar\u017cy\u0142 si\u0119 Pan na zdrowie, kt\u00f3re z czasem zacz\u0119\u0142o Pana opuszcza\u0107&#8230;.<\/p>\n\n\n\n<p><strong>Panie J\u00f3zefie,<\/strong><\/p>\n\n\n\n<p>dzi\u0119kujemy za Pana prac\u0119 na rzecz naszej szko\u0142y, za wychowanie kilku pokole\u0144 m\u0142odzie\u017cy, za pomoc i do\u015bwiadczenie, za wszelkie dobro, kt\u00f3re by\u0142o udzia\u0142em nas, tu obecnych&#8230;<\/p>\n\n\n\n<p><strong>&gt;&gt; Nie \u017cyjemy, aby umiera\u0107&#8230;<\/strong><\/p>\n\n\n\n<p><strong>ale umieramy, by \u017cy\u0107 wiecznie&lt;&lt;,<\/strong><\/p>\n\n\n\n<p><strong>dlatego, Panie J\u00f3zefie, m\u00f3wimy:<\/strong><\/p>\n\n\n\n<p><strong>do zobaczenia kiedy\u015b, pod innym adresem&#8230;&#8221;<\/strong><\/p>\n\n\n\n<figure class=\"wp-block-gallery columns-2 is-cropped\"><ul class=\"blocks-gallery-grid\"><li class=\"blocks-gallery-item\"><figure><img loading=\"lazy\" width=\"768\" height=\"1024\" src=\"https:\/\/zsprabino.edu.pl\/wp-content\/uploads\/2025\/04\/Messenger_creation_2CED9455-E67E-4CEA-93FC-5F88ED2EEEA1-768x1024.jpeg\" alt=\"\" data-id=\"5889\" data-link=\"https:\/\/zsprabino.edu.pl\/index.php\/o-tych-ktorzy-odeszli\/messenger_creation_2ced9455-e67e-4cea-93fc-5f88ed2eeea1\/\" class=\"wp-image-5889\" srcset=\"https:\/\/zsprabino.edu.pl\/wp-content\/uploads\/2025\/04\/Messenger_creation_2CED9455-E67E-4CEA-93FC-5F88ED2EEEA1-768x1024.jpeg 768w, https:\/\/zsprabino.edu.pl\/wp-content\/uploads\/2025\/04\/Messenger_creation_2CED9455-E67E-4CEA-93FC-5F88ED2EEEA1-225x300.jpeg 225w, https:\/\/zsprabino.edu.pl\/wp-content\/uploads\/2025\/04\/Messenger_creation_2CED9455-E67E-4CEA-93FC-5F88ED2EEEA1-1152x1536.jpeg 1152w, https:\/\/zsprabino.edu.pl\/wp-content\/uploads\/2025\/04\/Messenger_creation_2CED9455-E67E-4CEA-93FC-5F88ED2EEEA1.jpeg 1536w\" sizes=\"(max-width: 768px) 100vw, 768px\" \/><\/figure><\/li><li class=\"blocks-gallery-item\"><figure><img loading=\"lazy\" width=\"622\" height=\"1024\" src=\"https:\/\/zsprabino.edu.pl\/wp-content\/uploads\/2025\/04\/Messenger_creation_9525C18D-FDC4-43D8-A084-B10D9D768701-622x1024.jpeg\" alt=\"\" data-id=\"5890\" data-full-url=\"https:\/\/zsprabino.edu.pl\/wp-content\/uploads\/2025\/04\/Messenger_creation_9525C18D-FDC4-43D8-A084-B10D9D768701.jpeg\" data-link=\"https:\/\/zsprabino.edu.pl\/index.php\/o-tych-ktorzy-odeszli\/messenger_creation_9525c18d-fdc4-43d8-a084-b10d9d768701\/\" class=\"wp-image-5890\" srcset=\"https:\/\/zsprabino.edu.pl\/wp-content\/uploads\/2025\/04\/Messenger_creation_9525C18D-FDC4-43D8-A084-B10D9D768701-622x1024.jpeg 622w, https:\/\/zsprabino.edu.pl\/wp-content\/uploads\/2025\/04\/Messenger_creation_9525C18D-FDC4-43D8-A084-B10D9D768701-182x300.jpeg 182w, https:\/\/zsprabino.edu.pl\/wp-content\/uploads\/2025\/04\/Messenger_creation_9525C18D-FDC4-43D8-A084-B10D9D768701-768x1265.jpeg 768w, https:\/\/zsprabino.edu.pl\/wp-content\/uploads\/2025\/04\/Messenger_creation_9525C18D-FDC4-43D8-A084-B10D9D768701.jpeg 808w\" sizes=\"(max-width: 622px) 100vw, 622px\" \/><\/figure><\/li><\/ul><\/figure>\n<\/div>","protected":false},"excerpt":{"rendered":"<p>&#8221; Do zobaczenia&#8230;&#8221; &nbsp;&nbsp;&nbsp;&nbsp;&nbsp;&nbsp;&nbsp;&nbsp;&nbsp; Dnia 6.03.2025 roku podczas ceremonii w<a href=\"https:\/\/zsprabino.edu.pl\/index.php\/o-tych-ktorzy-odeszli\/\" class=\"gutenlearn-readmore\">Read More<i class=\"fa fa-long-arrow-right\" aria-hidden=\"true\"><\/i><\/a><\/p>\n","protected":false},"author":3,"featured_media":5889,"parent":0,"menu_order":0,"comment_status":"closed","ping_status":"closed","template":"","meta":{"disable_featured_image":false,"cybocfi_hide_featured_image":""},"rise-blocks_excerpt":"&#8221; Do zobaczenia&#8230;&#8221; &nbsp;&nbsp;&nbsp;&nbsp;&nbsp;&nbsp;&nbsp;&nbsp;&nbsp; Dnia 6.03.2025 roku podczas ceremonii w ko\u015bciele parafialnym i na cmentarzu w Nielepie z \u017calem po\u017cegnali\u015bmy wieloletniego nauczyciela i wychowawc\u0119 w Szkole Podstawowej w R\u0105binie &#8211; Pana J\u00f3zefa Chmur\u0119. Chcemy jako spo\u0142eczno\u015b\u0107 szko\u0142y, uczci\u0107 Jego pami\u0119\u0107 i wyrazi\u0107 wielk\u0105 wdzi\u0119czno\u015b\u0107 za 40 lat wyt\u0119\u017conej pracy dydaktyczno &#8211; wychowawczej. Oto fragmenty mowy po\u017cegnalnej z tej uroczysto\u015bci: &#8222;Staje..","_links":{"self":[{"href":"https:\/\/zsprabino.edu.pl\/index.php\/wp-json\/wp\/v2\/pages\/5886"}],"collection":[{"href":"https:\/\/zsprabino.edu.pl\/index.php\/wp-json\/wp\/v2\/pages"}],"about":[{"href":"https:\/\/zsprabino.edu.pl\/index.php\/wp-json\/wp\/v2\/types\/page"}],"author":[{"embeddable":true,"href":"https:\/\/zsprabino.edu.pl\/index.php\/wp-json\/wp\/v2\/users\/3"}],"replies":[{"embeddable":true,"href":"https:\/\/zsprabino.edu.pl\/index.php\/wp-json\/wp\/v2\/comments?post=5886"}],"version-history":[{"count":2,"href":"https:\/\/zsprabino.edu.pl\/index.php\/wp-json\/wp\/v2\/pages\/5886\/revisions"}],"predecessor-version":[{"id":5891,"href":"https:\/\/zsprabino.edu.pl\/index.php\/wp-json\/wp\/v2\/pages\/5886\/revisions\/5891"}],"wp:featuredmedia":[{"embeddable":true,"href":"https:\/\/zsprabino.edu.pl\/index.php\/wp-json\/wp\/v2\/media\/5889"}],"wp:attachment":[{"href":"https:\/\/zsprabino.edu.pl\/index.php\/wp-json\/wp\/v2\/media?parent=5886"}],"curies":[{"name":"wp","href":"https:\/\/api.w.org\/{rel}","templated":true}]}}