{"id":47,"date":"2021-06-01T09:55:28","date_gmt":"2021-06-01T09:55:28","guid":{"rendered":"http:\/\/zsprabino.edu.pl\/?page_id=47"},"modified":"2025-04-18T08:20:50","modified_gmt":"2025-04-18T08:20:50","slug":"samorzad-szkolny","status":"publish","type":"page","link":"https:\/\/zsprabino.edu.pl\/index.php\/samorzad-szkolny\/","title":{"rendered":"Samorz\u0105d szkolny"},"content":{"rendered":"<div class=\"post-content\">\n<p>Dzie\u0144 zdrowia.<\/p>\n\n\n\n<p>W naszej szkole odby\u0142a si\u0119 II edycja \u015awiatowego Dnia Zdrowia. Ju\u017c drugi raz Pani Agnieszka Kie\u0142pi\u0144ska oraz opiekunka SU Pani Ewa C. zorganizowa\u0142y w szkole z tej okazji potyczki sportowe i umys\u0142owe. Uczniowi brali udzia\u0142 w wy\u015bcigach rz\u0119d\u00f3w oraz uk\u0142adali przepis na zdrow\u0105 i smaczn\u0105 sa\u0142atk\u0119 , a na przerwie wszyscy zajadali si\u0119 zdrowymi przek\u0105skami. Uczniowie wzi\u0119li udzia\u0142 w zabawie pt. &#8222;\u0141\u00f3dki&#8221; , kt\u00f3rej pomys\u0142odawc\u0105 by\u0142 Konrad H.  &#8211; ucze\u0144 klasy IV, a zwyci\u0119zc\u0105 Ksawery  S. &#8211; ucze\u0144 klasy VI . Wszyscy zgromadzeni uczniowie i nauczyciele bawili si\u0119 znakomicie. <\/p>\n\n\n\n<figure class=\"wp-block-gallery columns-3 is-cropped\"><ul class=\"blocks-gallery-grid\"><li class=\"blocks-gallery-item\"><figure><img loading=\"lazy\" width=\"819\" height=\"1024\" src=\"https:\/\/zsprabino.edu.pl\/wp-content\/uploads\/2025\/04\/GridArt_20250407_160508644-819x1024.jpg\" alt=\"\" data-id=\"5993\" data-full-url=\"https:\/\/zsprabino.edu.pl\/wp-content\/uploads\/2025\/04\/GridArt_20250407_160508644-scaled.jpg\" data-link=\"https:\/\/zsprabino.edu.pl\/index.php\/samorzad-szkolny\/gridart_20250407_160508644\/\" class=\"wp-image-5993\" srcset=\"https:\/\/zsprabino.edu.pl\/wp-content\/uploads\/2025\/04\/GridArt_20250407_160508644-819x1024.jpg 819w, https:\/\/zsprabino.edu.pl\/wp-content\/uploads\/2025\/04\/GridArt_20250407_160508644-240x300.jpg 240w, https:\/\/zsprabino.edu.pl\/wp-content\/uploads\/2025\/04\/GridArt_20250407_160508644-768x960.jpg 768w, https:\/\/zsprabino.edu.pl\/wp-content\/uploads\/2025\/04\/GridArt_20250407_160508644-1229x1536.jpg 1229w, https:\/\/zsprabino.edu.pl\/wp-content\/uploads\/2025\/04\/GridArt_20250407_160508644-1638x2048.jpg 1638w, https:\/\/zsprabino.edu.pl\/wp-content\/uploads\/2025\/04\/GridArt_20250407_160508644-scaled.jpg 2048w\" sizes=\"(max-width: 819px) 100vw, 819px\" \/><\/figure><\/li><li class=\"blocks-gallery-item\"><figure><img loading=\"lazy\" width=\"819\" height=\"1024\" src=\"https:\/\/zsprabino.edu.pl\/wp-content\/uploads\/2025\/04\/GridArt_20250407_160648576-819x1024.jpg\" alt=\"\" data-id=\"5994\" data-full-url=\"https:\/\/zsprabino.edu.pl\/wp-content\/uploads\/2025\/04\/GridArt_20250407_160648576-scaled.jpg\" data-link=\"https:\/\/zsprabino.edu.pl\/index.php\/samorzad-szkolny\/gridart_20250407_160648576\/\" class=\"wp-image-5994\" srcset=\"https:\/\/zsprabino.edu.pl\/wp-content\/uploads\/2025\/04\/GridArt_20250407_160648576-819x1024.jpg 819w, https:\/\/zsprabino.edu.pl\/wp-content\/uploads\/2025\/04\/GridArt_20250407_160648576-240x300.jpg 240w, https:\/\/zsprabino.edu.pl\/wp-content\/uploads\/2025\/04\/GridArt_20250407_160648576-768x960.jpg 768w, https:\/\/zsprabino.edu.pl\/wp-content\/uploads\/2025\/04\/GridArt_20250407_160648576-1229x1536.jpg 1229w, https:\/\/zsprabino.edu.pl\/wp-content\/uploads\/2025\/04\/GridArt_20250407_160648576-1638x2048.jpg 1638w, https:\/\/zsprabino.edu.pl\/wp-content\/uploads\/2025\/04\/GridArt_20250407_160648576-scaled.jpg 2048w\" sizes=\"(max-width: 819px) 100vw, 819px\" \/><\/figure><\/li><li class=\"blocks-gallery-item\"><figure><img loading=\"lazy\" width=\"819\" height=\"1024\" src=\"https:\/\/zsprabino.edu.pl\/wp-content\/uploads\/2025\/04\/GridArt_20250407_160841568-819x1024.jpg\" alt=\"\" data-id=\"5995\" data-full-url=\"https:\/\/zsprabino.edu.pl\/wp-content\/uploads\/2025\/04\/GridArt_20250407_160841568-scaled.jpg\" data-link=\"https:\/\/zsprabino.edu.pl\/index.php\/samorzad-szkolny\/gridart_20250407_160841568\/\" class=\"wp-image-5995\" srcset=\"https:\/\/zsprabino.edu.pl\/wp-content\/uploads\/2025\/04\/GridArt_20250407_160841568-819x1024.jpg 819w, https:\/\/zsprabino.edu.pl\/wp-content\/uploads\/2025\/04\/GridArt_20250407_160841568-240x300.jpg 240w, https:\/\/zsprabino.edu.pl\/wp-content\/uploads\/2025\/04\/GridArt_20250407_160841568-768x960.jpg 768w, https:\/\/zsprabino.edu.pl\/wp-content\/uploads\/2025\/04\/GridArt_20250407_160841568-1229x1536.jpg 1229w, https:\/\/zsprabino.edu.pl\/wp-content\/uploads\/2025\/04\/GridArt_20250407_160841568-1638x2048.jpg 1638w, https:\/\/zsprabino.edu.pl\/wp-content\/uploads\/2025\/04\/GridArt_20250407_160841568-scaled.jpg 2048w\" sizes=\"(max-width: 819px) 100vw, 819px\" \/><\/figure><\/li><li class=\"blocks-gallery-item\"><figure><img loading=\"lazy\" width=\"819\" height=\"1024\" src=\"https:\/\/zsprabino.edu.pl\/wp-content\/uploads\/2025\/04\/GridArt_20250407_161050470-819x1024.jpg\" alt=\"\" data-id=\"5996\" data-full-url=\"https:\/\/zsprabino.edu.pl\/wp-content\/uploads\/2025\/04\/GridArt_20250407_161050470-scaled.jpg\" data-link=\"https:\/\/zsprabino.edu.pl\/index.php\/samorzad-szkolny\/gridart_20250407_161050470\/\" class=\"wp-image-5996\" srcset=\"https:\/\/zsprabino.edu.pl\/wp-content\/uploads\/2025\/04\/GridArt_20250407_161050470-819x1024.jpg 819w, https:\/\/zsprabino.edu.pl\/wp-content\/uploads\/2025\/04\/GridArt_20250407_161050470-240x300.jpg 240w, https:\/\/zsprabino.edu.pl\/wp-content\/uploads\/2025\/04\/GridArt_20250407_161050470-768x960.jpg 768w, https:\/\/zsprabino.edu.pl\/wp-content\/uploads\/2025\/04\/GridArt_20250407_161050470-1229x1536.jpg 1229w, https:\/\/zsprabino.edu.pl\/wp-content\/uploads\/2025\/04\/GridArt_20250407_161050470-1638x2048.jpg 1638w, https:\/\/zsprabino.edu.pl\/wp-content\/uploads\/2025\/04\/GridArt_20250407_161050470-scaled.jpg 2048w\" sizes=\"(max-width: 819px) 100vw, 819px\" \/><\/figure><\/li><li class=\"blocks-gallery-item\"><figure><img loading=\"lazy\" width=\"819\" height=\"1024\" src=\"https:\/\/zsprabino.edu.pl\/wp-content\/uploads\/2025\/04\/GridArt_20250407_161516589-819x1024.jpg\" alt=\"\" data-id=\"5997\" data-full-url=\"https:\/\/zsprabino.edu.pl\/wp-content\/uploads\/2025\/04\/GridArt_20250407_161516589-scaled.jpg\" data-link=\"https:\/\/zsprabino.edu.pl\/index.php\/samorzad-szkolny\/gridart_20250407_161516589\/\" class=\"wp-image-5997\" srcset=\"https:\/\/zsprabino.edu.pl\/wp-content\/uploads\/2025\/04\/GridArt_20250407_161516589-819x1024.jpg 819w, https:\/\/zsprabino.edu.pl\/wp-content\/uploads\/2025\/04\/GridArt_20250407_161516589-240x300.jpg 240w, https:\/\/zsprabino.edu.pl\/wp-content\/uploads\/2025\/04\/GridArt_20250407_161516589-768x960.jpg 768w, https:\/\/zsprabino.edu.pl\/wp-content\/uploads\/2025\/04\/GridArt_20250407_161516589-1229x1536.jpg 1229w, https:\/\/zsprabino.edu.pl\/wp-content\/uploads\/2025\/04\/GridArt_20250407_161516589-1638x2048.jpg 1638w, https:\/\/zsprabino.edu.pl\/wp-content\/uploads\/2025\/04\/GridArt_20250407_161516589-scaled.jpg 2048w\" sizes=\"(max-width: 819px) 100vw, 819px\" \/><\/figure><\/li><\/ul><\/figure>\n\n\n\n<h2>Dzie\u0144 otwarty szko\u0142y<\/h2>\n\n\n\n<p>W taki oto spos\u00f3b SU sk\u0142adaj\u0105cy si\u0119 z przedstawicieli klas VI i VII wita\u0142 przychodz\u0105cych go\u015bci podczas Dnia Otwartego Szko\u0142y <\/p>\n\n\n\n<figure class=\"wp-block-gallery columns-1 is-cropped\"><ul class=\"blocks-gallery-grid\"><li class=\"blocks-gallery-item\"><figure><img loading=\"lazy\" width=\"819\" height=\"1024\" src=\"https:\/\/zsprabino.edu.pl\/wp-content\/uploads\/2025\/04\/GridArt_20250409_174124101-819x1024.jpg\" alt=\"\" data-id=\"6003\" data-full-url=\"https:\/\/zsprabino.edu.pl\/wp-content\/uploads\/2025\/04\/GridArt_20250409_174124101-scaled.jpg\" data-link=\"https:\/\/zsprabino.edu.pl\/index.php\/samorzad-szkolny\/gridart_20250409_174124101\/\" class=\"wp-image-6003\" srcset=\"https:\/\/zsprabino.edu.pl\/wp-content\/uploads\/2025\/04\/GridArt_20250409_174124101-819x1024.jpg 819w, https:\/\/zsprabino.edu.pl\/wp-content\/uploads\/2025\/04\/GridArt_20250409_174124101-240x300.jpg 240w, https:\/\/zsprabino.edu.pl\/wp-content\/uploads\/2025\/04\/GridArt_20250409_174124101-768x960.jpg 768w, https:\/\/zsprabino.edu.pl\/wp-content\/uploads\/2025\/04\/GridArt_20250409_174124101-1229x1536.jpg 1229w, https:\/\/zsprabino.edu.pl\/wp-content\/uploads\/2025\/04\/GridArt_20250409_174124101-1638x2048.jpg 1638w, https:\/\/zsprabino.edu.pl\/wp-content\/uploads\/2025\/04\/GridArt_20250409_174124101-scaled.jpg 2048w\" sizes=\"(max-width: 819px) 100vw, 819px\" \/><\/figure><\/li><\/ul><\/figure>\n<\/div>","protected":false},"excerpt":{"rendered":"<p>Dzie\u0144 zdrowia. W naszej szkole odby\u0142a si\u0119 II edycja \u015awiatowego<a href=\"https:\/\/zsprabino.edu.pl\/index.php\/samorzad-szkolny\/\" class=\"gutenlearn-readmore\">Read More<i class=\"fa fa-long-arrow-right\" aria-hidden=\"true\"><\/i><\/a><\/p>\n","protected":false},"author":2,"featured_media":6001,"parent":0,"menu_order":0,"comment_status":"closed","ping_status":"closed","template":"","meta":{"disable_featured_image":false,"cybocfi_hide_featured_image":""},"rise-blocks_excerpt":"Dzie\u0144 zdrowia. W naszej szkole odby\u0142a si\u0119 II edycja \u015awiatowego Dnia Zdrowia. Ju\u017c drugi raz Pani Agnieszka Kie\u0142pi\u0144ska oraz opiekunka SU Pani Ewa C. zorganizowa\u0142y w szkole z tej okazji potyczki sportowe i umys\u0142owe. Uczniowi brali udzia\u0142 w wy\u015bcigach rz\u0119d\u00f3w oraz uk\u0142adali przepis na zdrow\u0105 i smaczn\u0105 sa\u0142atk\u0119 , a na przerwie wszyscy zajadali si\u0119 zdrowymi przek\u0105skami. Uczniowie wzi\u0119li udzia\u0142..","_links":{"self":[{"href":"https:\/\/zsprabino.edu.pl\/index.php\/wp-json\/wp\/v2\/pages\/47"}],"collection":[{"href":"https:\/\/zsprabino.edu.pl\/index.php\/wp-json\/wp\/v2\/pages"}],"about":[{"href":"https:\/\/zsprabino.edu.pl\/index.php\/wp-json\/wp\/v2\/types\/page"}],"author":[{"embeddable":true,"href":"https:\/\/zsprabino.edu.pl\/index.php\/wp-json\/wp\/v2\/users\/2"}],"replies":[{"embeddable":true,"href":"https:\/\/zsprabino.edu.pl\/index.php\/wp-json\/wp\/v2\/comments?post=47"}],"version-history":[{"count":3,"href":"https:\/\/zsprabino.edu.pl\/index.php\/wp-json\/wp\/v2\/pages\/47\/revisions"}],"predecessor-version":[{"id":6005,"href":"https:\/\/zsprabino.edu.pl\/index.php\/wp-json\/wp\/v2\/pages\/47\/revisions\/6005"}],"wp:featuredmedia":[{"embeddable":true,"href":"https:\/\/zsprabino.edu.pl\/index.php\/wp-json\/wp\/v2\/media\/6001"}],"wp:attachment":[{"href":"https:\/\/zsprabino.edu.pl\/index.php\/wp-json\/wp\/v2\/media?parent=47"}],"curies":[{"name":"wp","href":"https:\/\/api.w.org\/{rel}","templated":true}]}}