{"id":46,"date":"2021-06-01T09:55:28","date_gmt":"2021-06-01T09:55:28","guid":{"rendered":"http:\/\/zsprabino.edu.pl\/?page_id=46"},"modified":"2026-03-30T09:25:59","modified_gmt":"2026-03-30T09:25:59","slug":"dokumenty-szkoly","status":"publish","type":"page","link":"https:\/\/zsprabino.edu.pl\/index.php\/szkola\/dokumenty-szkoly\/","title":{"rendered":"Dokumenty szko\u0142y"},"content":{"rendered":"<div class=\"post-content\">\n<div class=\"wp-block-file\"><a href=\"https:\/\/zsprabino.edu.pl\/wp-content\/uploads\/2025\/03\/Informacja-odnosnie-egzaminu-8-klasisty.odt\">Informacja-odnosnie-egzaminu-8-klasisty<\/a><a href=\"https:\/\/zsprabino.edu.pl\/wp-content\/uploads\/2025\/03\/Informacja-odnosnie-egzaminu-8-klasisty.odt\" class=\"wp-block-file__button\" download>Pobierz<\/a><\/div>\n\n\n\n<div id=\"rise-blocks-wp-block-rise-blocks-accordion-0-d7876fa-5e5f-2272-c73-8e6720dae226\" class=\"wp-block-rise-blocks-accordion\">\n<div id=\"rise-blocks-wp-block-rise-blocks-accordion-item-0-b7b0ead-0ab5-30e-cda5-d755fbd30ef3\" itemscope itemprop=\"mainEntity\" itemtype=\"http:\/\/schema.org\/Question\" class=\"wp-block-rise-blocks-accordion-item\"><div class=\"rise-blocks-accordion-item\"><div class=\"rise-blocks-accordion-item-header\"><h3 itemprop=\"name\"><a href=\"#\">E-legitymacje<\/a><\/h3><\/div><div class=\"rise-blocks-accordion-content-wrapper\" itemprop=\"acceptedAnswer\" itemscope itemtype=\"http:\/\/schema.org\/Answer\"><div class=\"rise-blocks-accordion-content\" itemprop=\"text\">\n<div class=\"wp-block-file\"><a href=\"https:\/\/zsprabino.edu.pl\/wp-content\/uploads\/2026\/02\/E-legitymacja-2024-regulamin.pdf\">E-legitymacja-2024-regulamin<\/a><a href=\"https:\/\/zsprabino.edu.pl\/wp-content\/uploads\/2026\/02\/E-legitymacja-2024-regulamin.pdf\" class=\"wp-block-file__button\" download>Pobierz<\/a><\/div>\n\n\n\n<div class=\"wp-block-file\"><a href=\"https:\/\/zsprabino.edu.pl\/wp-content\/uploads\/2026\/02\/Regulamin-e-legitymacji-oraz-duplikatow-szkolnych-i-swiadectw-szkolonych-oraz-pobierania-oplat-za-te-czynnosci.pdf\">Regulamin-e-legitymacji-oraz-duplikatow-szkolnych-i-swiadectw-szkolonych-oraz-pobierania-oplat-za-te-czynnosci<\/a><a href=\"https:\/\/zsprabino.edu.pl\/wp-content\/uploads\/2026\/02\/Regulamin-e-legitymacji-oraz-duplikatow-szkolnych-i-swiadectw-szkolonych-oraz-pobierania-oplat-za-te-czynnosci.pdf\" class=\"wp-block-file__button\" download>Pobierz<\/a><\/div>\n\n\n\n<div class=\"wp-block-file\"><a href=\"https:\/\/zsprabino.edu.pl\/wp-content\/uploads\/2026\/02\/Zarzadzenie-6_-2024_2025-w-sprawie-wydawania-eLegitymacji-Szkolnych-oraz-duplikatow.pdf\">Zarzadzenie-6_-2024_2025-w-sprawie-wydawania-eLegitymacji-Szkolnych-oraz-duplikatow<\/a><a href=\"https:\/\/zsprabino.edu.pl\/wp-content\/uploads\/2026\/02\/Zarzadzenie-6_-2024_2025-w-sprawie-wydawania-eLegitymacji-Szkolnych-oraz-duplikatow.pdf\" class=\"wp-block-file__button\" download>Pobierz<\/a><\/div>\n\n\n\n<div class=\"wp-block-file\"><a href=\"https:\/\/zsprabino.edu.pl\/wp-content\/uploads\/2026\/02\/Zarzadzenie-Zmieniajace-Nr-72-2024-2025-z-dnia-03-lutego-2025.pdf\">Zarzadzenie-Zmieniajace-Nr-72-2024-2025-z-dnia-03-lutego-2025<\/a><a href=\"https:\/\/zsprabino.edu.pl\/wp-content\/uploads\/2026\/02\/Zarzadzenie-Zmieniajace-Nr-72-2024-2025-z-dnia-03-lutego-2025.pdf\" class=\"wp-block-file__button\" download>Pobierz<\/a><\/div>\n<\/div><\/div><\/div><\/div>\n\n\n\n<div id=\"rise-blocks-wp-block-rise-blocks-accordion-item-1-5b6bf38-237b-66ee-d85-bea661b70184\" itemscope itemprop=\"mainEntity\" itemtype=\"http:\/\/schema.org\/Question\" class=\"wp-block-rise-blocks-accordion-item\"><div class=\"rise-blocks-accordion-item\"><div class=\"rise-blocks-accordion-item-header\"><h3 itemprop=\"name\"><a href=\"#\">Standardy ochrony nieletnich<\/a><\/h3><\/div><div class=\"rise-blocks-accordion-content-wrapper\" itemprop=\"acceptedAnswer\" itemscope itemtype=\"http:\/\/schema.org\/Answer\"><div class=\"rise-blocks-accordion-content\" itemprop=\"text\">\n<div class=\"wp-block-file\"><a href=\"https:\/\/zsprabino.edu.pl\/wp-content\/uploads\/2024\/11\/Standardy-Ochrony-Maloletnich-wersja-skrocona.pdf\">Standardy-Ochrony-Maloletnich-wersja-skrocona<\/a><a href=\"https:\/\/zsprabino.edu.pl\/wp-content\/uploads\/2024\/11\/Standardy-Ochrony-Maloletnich-wersja-skrocona.pdf\" class=\"wp-block-file__button\" download>Pobierz<\/a><\/div>\n\n\n\n<div class=\"wp-block-file\"><a href=\"https:\/\/zsprabino.edu.pl\/wp-content\/uploads\/2024\/11\/Standardy-Ochrony-Maloletnich-wersja-zupelna.pdf\">Standardy-Ochrony-Maloletnich-wersja-zupelna<\/a><a href=\"https:\/\/zsprabino.edu.pl\/wp-content\/uploads\/2024\/11\/Standardy-Ochrony-Maloletnich-wersja-zupelna.pdf\" class=\"wp-block-file__button\" download>Pobierz<\/a><\/div>\n<\/div><\/div><\/div><\/div>\n\n\n\n<div id=\"rise-blocks-wp-block-rise-blocks-accordion-item-2-7b08c27-7b4f-bdc6-daf8-fbaeaff8d15\" itemscope itemprop=\"mainEntity\" itemtype=\"http:\/\/schema.org\/Question\" class=\"wp-block-rise-blocks-accordion-item\"><div class=\"rise-blocks-accordion-item\"><div class=\"rise-blocks-accordion-item-header\"><h3 itemprop=\"name\"><a href=\"#\">Rekrutacja &#8211; klasa I rok szkolny 2026\/2027<\/a><\/h3><\/div><div class=\"rise-blocks-accordion-content-wrapper\" itemprop=\"acceptedAnswer\" itemscope itemtype=\"http:\/\/schema.org\/Answer\"><div class=\"rise-blocks-accordion-content\" itemprop=\"text\">\n<div class=\"wp-block-file\"><a href=\"https:\/\/zsprabino.edu.pl\/wp-content\/uploads\/2026\/02\/Regulamin-rekrutacji-2026-2027-2.docx\">Regulamin-rekrutacji-2026-2027-2<\/a><a href=\"https:\/\/zsprabino.edu.pl\/wp-content\/uploads\/2026\/02\/Regulamin-rekrutacji-2026-2027-2.docx\" class=\"wp-block-file__button\" download>Pobierz<\/a><\/div>\n\n\n\n<div class=\"wp-block-file\"><a href=\"https:\/\/zsprabino.edu.pl\/wp-content\/uploads\/2026\/02\/Harmonogram-rekrutacji-2.docx\">Harmonogram-rekrutacji-2<\/a><a href=\"https:\/\/zsprabino.edu.pl\/wp-content\/uploads\/2026\/02\/Harmonogram-rekrutacji-2.docx\" class=\"wp-block-file__button\" download>Pobierz<\/a><\/div>\n\n\n\n<div class=\"wp-block-file\"><a href=\"https:\/\/zsprabino.edu.pl\/wp-content\/uploads\/2026\/02\/Wniosek-o-przyjecie-do-szkoly-2026-2027-1.doc\">Wniosek-o-przyjecie-do-szkoly-2026-2027-1<\/a><a href=\"https:\/\/zsprabino.edu.pl\/wp-content\/uploads\/2026\/02\/Wniosek-o-przyjecie-do-szkoly-2026-2027-1.doc\" class=\"wp-block-file__button\" download>Pobierz<\/a><\/div>\n\n\n\n<div class=\"wp-block-file\"><a href=\"https:\/\/zsprabino.edu.pl\/wp-content\/uploads\/2026\/02\/potwierdzenie-woli-klasa-1-1.docx\">potwierdzenie-woli-klasa-1-1<\/a><a href=\"https:\/\/zsprabino.edu.pl\/wp-content\/uploads\/2026\/02\/potwierdzenie-woli-klasa-1-1.docx\" class=\"wp-block-file__button\" download>Pobierz<\/a><\/div>\n<\/div><\/div><\/div><\/div>\n\n\n\n<div id=\"rise-blocks-wp-block-rise-blocks-accordion-item-3-db32422-ad88-b4b1-afcc-40dcb76ed7e\" itemscope itemprop=\"mainEntity\" itemtype=\"http:\/\/schema.org\/Question\" class=\"wp-block-rise-blocks-accordion-item\"><div class=\"rise-blocks-accordion-item\"><div class=\"rise-blocks-accordion-item-header\"><h3 itemprop=\"name\"><a href=\"#\">Program Wychowawczo &#8211; Profilaktyczny<\/a><\/h3><\/div><div class=\"rise-blocks-accordion-content-wrapper\" itemprop=\"acceptedAnswer\" itemscope itemtype=\"http:\/\/schema.org\/Answer\"><div class=\"rise-blocks-accordion-content\" itemprop=\"text\">\n<div class=\"wp-block-file\"><a href=\"http:\/\/zsprabino.edu.pl\/wp-content\/uploads\/2023\/10\/Program-wychowawczo-profilaktyczny-2023-2024-zmiany-wrzesien-23.docx\">Program-wychowawczo-profilaktyczny-2023-2024-zmiany-wrzesien-23<\/a><a href=\"http:\/\/zsprabino.edu.pl\/wp-content\/uploads\/2023\/10\/Program-wychowawczo-profilaktyczny-2023-2024-zmiany-wrzesien-23.docx\" class=\"wp-block-file__button\" download>Pobierz<\/a><\/div>\n<\/div><\/div><\/div><\/div>\n<\/div>\n\n\n\n<div id=\"rise-blocks-wp-block-rise-blocks-accordion-1-4132e87-14d6-738-f8b6-268b3338a6d\" class=\"wp-block-rise-blocks-accordion\">\n<div id=\"rise-blocks-wp-block-rise-blocks-accordion-item-4-0fd48c7-d1d4-6e88-ae4-d1a8aa25a30a\" itemscope itemprop=\"mainEntity\" itemtype=\"http:\/\/schema.org\/Question\" class=\"wp-block-rise-blocks-accordion-item\"><div class=\"rise-blocks-accordion-item\"><div class=\"rise-blocks-accordion-item-header\"><h3 itemprop=\"name\"><a href=\"#\">Statut Zespo\u0142u Szkolno &#8211; Przedszkolnego<\/a><\/h3><\/div><div class=\"rise-blocks-accordion-content-wrapper\" itemprop=\"acceptedAnswer\" itemscope itemtype=\"http:\/\/schema.org\/Answer\"><div class=\"rise-blocks-accordion-content\" itemprop=\"text\">\n<div class=\"wp-block-file\"><a href=\"https:\/\/zsprabino.edu.pl\/wp-content\/uploads\/2026\/02\/Statut-Szkoly-18-wrzesnia-2024.pdf\">Statut-Szkoly-18-wrzesnia-2024<\/a><a href=\"https:\/\/zsprabino.edu.pl\/wp-content\/uploads\/2026\/02\/Statut-Szkoly-18-wrzesnia-2024.pdf\" class=\"wp-block-file__button\" download>Pobierz<\/a><\/div>\n\n\n\n<div class=\"wp-block-file\"><a href=\"https:\/\/zsprabino.edu.pl\/wp-content\/uploads\/2026\/02\/Zarzadzenie-nr-5-Jednolity-tekst-statutu-z-dnia-19-wrzesnia-2024.pdf\">Zarzadzenie-nr-5-Jednolity-tekst-statutu-z-dnia-19-wrzesnia-2024<\/a><a href=\"https:\/\/zsprabino.edu.pl\/wp-content\/uploads\/2026\/02\/Zarzadzenie-nr-5-Jednolity-tekst-statutu-z-dnia-19-wrzesnia-2024.pdf\" class=\"wp-block-file__button\" download>Pobierz<\/a><\/div>\n<\/div><\/div><\/div><\/div>\n\n\n\n<div id=\"rise-blocks-wp-block-rise-blocks-accordion-item-5-7bce87f-cead-c05-ed50-b4043b2aea4d\" itemscope itemprop=\"mainEntity\" itemtype=\"http:\/\/schema.org\/Question\" class=\"wp-block-rise-blocks-accordion-item\"><div class=\"rise-blocks-accordion-item\"><div class=\"rise-blocks-accordion-item-header\"><h3 itemprop=\"name\"><a href=\"#\">Wewn\u0105trzszkolne Zasady Oceniania R\u0105bino<\/a><\/h3><\/div><div class=\"rise-blocks-accordion-content-wrapper\" itemprop=\"acceptedAnswer\" itemscope itemtype=\"http:\/\/schema.org\/Answer\"><div class=\"rise-blocks-accordion-content\" itemprop=\"text\">\n<div class=\"wp-block-file\"><a href=\"http:\/\/zsprabino.edu.pl\/wp-content\/uploads\/2021\/06\/wewnc485trzszkolne-zasady-oceniania-rc485bino.doc\">Wewn\u0105trzszkolne Zasady Oceniania R\u0105bino<\/a><a href=\"http:\/\/zsprabino.edu.pl\/wp-content\/uploads\/2021\/06\/wewnc485trzszkolne-zasady-oceniania-rc485bino.doc\" class=\"wp-block-file__button\" download>Pobierz<\/a><\/div>\n<\/div><\/div><\/div><\/div>\n\n\n\n<div id=\"rise-blocks-wp-block-rise-blocks-accordion-item-6-5b4d7-a53b-1c4-5781-87e54c630b78\" itemscope itemprop=\"mainEntity\" itemtype=\"http:\/\/schema.org\/Question\" class=\"wp-block-rise-blocks-accordion-item\"><div class=\"rise-blocks-accordion-item\"><div class=\"rise-blocks-accordion-item-header\"><h3 itemprop=\"name\"><a href=\"#\">Zarz\u0105dzenie dotycz\u0105ce wy\u017cywiania w szkole<\/a><\/h3><\/div><div class=\"rise-blocks-accordion-content-wrapper\" itemprop=\"acceptedAnswer\" itemscope itemtype=\"http:\/\/schema.org\/Answer\"><div class=\"rise-blocks-accordion-content\" itemprop=\"text\">\n<div class=\"wp-block-file\"><a href=\"http:\/\/zsprabino.edu.pl\/wp-content\/uploads\/2022\/04\/zarzadzenie-18-wyzywienie-2022-1.doc\">zarzadzenie-18-wyzywienie-2022-1<\/a><a href=\"http:\/\/zsprabino.edu.pl\/wp-content\/uploads\/2022\/04\/zarzadzenie-18-wyzywienie-2022-1.doc\" class=\"wp-block-file__button\" download>Pobierz<\/a><\/div>\n<\/div><\/div><\/div><\/div>\n\n\n\n<div id=\"rise-blocks-wp-block-rise-blocks-accordion-item-7-fcf7f3-67c7-d3a8-152d-40cc328bf5\" itemscope itemprop=\"mainEntity\" itemtype=\"http:\/\/schema.org\/Question\" class=\"wp-block-rise-blocks-accordion-item\"><div class=\"rise-blocks-accordion-item\"><div class=\"rise-blocks-accordion-item-header\"><h3 itemprop=\"name\"><a href=\"#\">Uchwa\u0142y <\/a><\/h3><\/div><div class=\"rise-blocks-accordion-content-wrapper\" itemprop=\"acceptedAnswer\" itemscope itemtype=\"http:\/\/schema.org\/Answer\"><div class=\"rise-blocks-accordion-content\" itemprop=\"text\">\n<div class=\"wp-block-file\"><a href=\"https:\/\/zsprabino.edu.pl\/wp-content\/uploads\/2026\/02\/Uchwala-nr-7-w-sprawie-klasyfikacji-srodrocznej-uczniow-Zespolu-Szkolno\u2013Przedszkolnego-w-Rabinie-w-roku-szkolnym-20242025.pdf\">Uchwala-nr-7-w-sprawie-klasyfikacji-srodrocznej-uczniow-Zespolu-Szkolno\u2013Przedszkolnego-w-Rabinie-w-roku-szkolnym-20242025<\/a><a href=\"https:\/\/zsprabino.edu.pl\/wp-content\/uploads\/2026\/02\/Uchwala-nr-7-w-sprawie-klasyfikacji-srodrocznej-uczniow-Zespolu-Szkolno\u2013Przedszkolnego-w-Rabinie-w-roku-szkolnym-20242025.pdf\" class=\"wp-block-file__button\" download>Pobierz<\/a><\/div>\n<\/div><\/div><\/div><\/div>\n<\/div>\n\n\n\n<div id=\"rise-blocks-wp-block-rise-blocks-accordion-2-2f70f1d-73c5-efc2-4651-533560363ec5\" class=\"wp-block-rise-blocks-accordion\">\n<div id=\"rise-blocks-wp-block-rise-blocks-accordion-item-8-40addbf-76c-327f-f710-187adff32d2c\" itemscope itemprop=\"mainEntity\" itemtype=\"http:\/\/schema.org\/Question\" class=\"wp-block-rise-blocks-accordion-item\"><div class=\"rise-blocks-accordion-item\"><div class=\"rise-blocks-accordion-item-header\"><h3 itemprop=\"name\"><a href=\"#\">Regulamin korzystania z telefon\u00f3w kom\u00f3rkowych przez uczni\u00f3w <\/a><\/h3><\/div><div class=\"rise-blocks-accordion-content-wrapper\" itemprop=\"acceptedAnswer\" itemscope itemtype=\"http:\/\/schema.org\/Answer\"><div class=\"rise-blocks-accordion-content\" itemprop=\"text\">\n<div class=\"wp-block-file\"><a href=\"https:\/\/zsprabino.edu.pl\/wp-content\/uploads\/2026\/03\/Regulamin-korzystania-z-telefonow-komorkowych-przez-uczniow.pdf\">Regulamin-korzystania-z-telefonow-komorkowych-przez-uczniow<\/a><a href=\"https:\/\/zsprabino.edu.pl\/wp-content\/uploads\/2026\/03\/Regulamin-korzystania-z-telefonow-komorkowych-przez-uczniow.pdf\" class=\"wp-block-file__button\" download>Pobierz<\/a><\/div>\n<\/div><\/div><\/div><\/div>\n\n\n\n<div id=\"rise-blocks-wp-block-rise-blocks-accordion-item-9-35fe6ea-dfe-b880-c570-6a81cabb2282\" itemscope itemprop=\"mainEntity\" itemtype=\"http:\/\/schema.org\/Question\" class=\"wp-block-rise-blocks-accordion-item\"><div class=\"rise-blocks-accordion-item\"><div class=\"rise-blocks-accordion-item-header\"><h3 itemprop=\"name\"><a href=\"#\">Plan organizacji pracy szko\u0142y<\/a><\/h3><\/div><div class=\"rise-blocks-accordion-content-wrapper\" itemprop=\"acceptedAnswer\" itemscope itemtype=\"http:\/\/schema.org\/Answer\"><div class=\"rise-blocks-accordion-content\" itemprop=\"text\">\n<div class=\"wp-block-file\"><a href=\"http:\/\/zsprabino.edu.pl\/wp-content\/uploads\/2022\/10\/plan-organizacji-pracy-placowki-oraz-kalendarz-roku-szkolnego-20222023.docx\">plan-organizacji-pracy-placowki-oraz-kalendarz-roku-szkolnego-20222023<\/a><a href=\"http:\/\/zsprabino.edu.pl\/wp-content\/uploads\/2022\/10\/plan-organizacji-pracy-placowki-oraz-kalendarz-roku-szkolnego-20222023.docx\" class=\"wp-block-file__button\" download>Pobierz<\/a><\/div>\n<\/div><\/div><\/div><\/div>\n<\/div>\n\n\n\n<div id=\"rise-blocks-wp-block-rise-blocks-accordion-3-431bd1a-e6c2-712-f15-041012c72807\" class=\"wp-block-rise-blocks-accordion\">\n<div id=\"rise-blocks-wp-block-rise-blocks-accordion-item-10-7a8a01-c5a0-b1f3-eba-db50bf43fe3\" itemscope itemprop=\"mainEntity\" itemtype=\"http:\/\/schema.org\/Question\" class=\"wp-block-rise-blocks-accordion-item\"><div class=\"rise-blocks-accordion-item\"><div class=\"rise-blocks-accordion-item-header\"><h3 itemprop=\"name\"><a href=\"#\">Wewn\u0119trzne procedury bezpiecze\u0144stwa<\/a><\/h3><\/div><div class=\"rise-blocks-accordion-content-wrapper\" itemprop=\"acceptedAnswer\" itemscope itemtype=\"http:\/\/schema.org\/Answer\"><div class=\"rise-blocks-accordion-content\" itemprop=\"text\">\n<div class=\"wp-block-file\"><a href=\"http:\/\/zsprabino.edu.pl\/wp-content\/uploads\/2021\/06\/wewnetrzne-procedury-bezpieczenstwa.doc\">Wewn\u0119trzne procedury bezpiecze\u0144stwa<\/a><a href=\"http:\/\/zsprabino.edu.pl\/wp-content\/uploads\/2021\/06\/wewnetrzne-procedury-bezpieczenstwa.doc\" class=\"wp-block-file__button\" download>Pobierz<\/a><\/div>\n<\/div><\/div><\/div><\/div>\n\n\n\n<div id=\"rise-blocks-wp-block-rise-blocks-accordion-item-11-74bacf-2364-b5a-3d3-c1fc5df81535\" itemscope itemprop=\"mainEntity\" itemtype=\"http:\/\/schema.org\/Question\" class=\"wp-block-rise-blocks-accordion-item\"><div class=\"rise-blocks-accordion-item\"><div class=\"rise-blocks-accordion-item-header\"><h3 itemprop=\"name\"><a href=\"#\">Procedury przyprowadzania i odbierania dziecka<\/a><\/h3><\/div><div class=\"rise-blocks-accordion-content-wrapper\" itemprop=\"acceptedAnswer\" itemscope itemtype=\"http:\/\/schema.org\/Answer\"><div class=\"rise-blocks-accordion-content\" itemprop=\"text\">\n<div class=\"wp-block-file\"><a href=\"http:\/\/zsprabino.edu.pl\/wp-content\/uploads\/2021\/06\/procedury-przyprowadzania-i-odbierania-dziecka.doc\">Procedury przyprowadzania i odbierania dziecka<\/a><a href=\"http:\/\/zsprabino.edu.pl\/wp-content\/uploads\/2021\/06\/procedury-przyprowadzania-i-odbierania-dziecka.doc\" class=\"wp-block-file__button\" download>Pobierz<\/a><\/div>\n<\/div><\/div><\/div><\/div>\n\n\n\n<div id=\"rise-blocks-wp-block-rise-blocks-accordion-item-12-8cb0a4c-7a26-66fd-4586-d467be31660b\" itemscope itemprop=\"mainEntity\" itemtype=\"http:\/\/schema.org\/Question\" class=\"wp-block-rise-blocks-accordion-item\"><div class=\"rise-blocks-accordion-item\"><div class=\"rise-blocks-accordion-item-header\"><h3 itemprop=\"name\"><a href=\"#\">Procedura-nauczanie hybrydowe i zdalne<\/a><\/h3><\/div><div class=\"rise-blocks-accordion-content-wrapper\" itemprop=\"acceptedAnswer\" itemscope itemtype=\"http:\/\/schema.org\/Answer\"><div class=\"rise-blocks-accordion-content\" itemprop=\"text\">\n<div class=\"wp-block-file\"><a href=\"http:\/\/zsprabino.edu.pl\/wp-content\/uploads\/2021\/06\/procedura-nauczanie-hybrydowe-i-zdalne.doc\">Procedura-nauczanie hybrydowe i zdalne<\/a><a href=\"http:\/\/zsprabino.edu.pl\/wp-content\/uploads\/2021\/06\/procedura-nauczanie-hybrydowe-i-zdalne.doc\" class=\"wp-block-file__button\" download>Pobierz<\/a><\/div>\n<\/div><\/div><\/div><\/div>\n\n\n\n<div id=\"rise-blocks-wp-block-rise-blocks-accordion-item-13-3d48ece-cdca-abee-71e-05bb024e7013\" itemscope itemprop=\"mainEntity\" itemtype=\"http:\/\/schema.org\/Question\" class=\"wp-block-rise-blocks-accordion-item\"><div class=\"rise-blocks-accordion-item\"><div class=\"rise-blocks-accordion-item-header\"><h3 itemprop=\"name\"><a href=\"#\">Procedura przeprowadzania dezynfekcji w szkole<\/a><\/h3><\/div><div class=\"rise-blocks-accordion-content-wrapper\" itemprop=\"acceptedAnswer\" itemscope itemtype=\"http:\/\/schema.org\/Answer\"><div class=\"rise-blocks-accordion-content\" itemprop=\"text\">\n<div class=\"wp-block-file\"><a href=\"http:\/\/zsprabino.edu.pl\/wp-content\/uploads\/2021\/06\/procedura-przeprowadzania-dezynfekcji-w-szkole.doc\">Procedura przeprowadzania dezynfekcji w szkole<\/a><a href=\"http:\/\/zsprabino.edu.pl\/wp-content\/uploads\/2021\/06\/procedura-przeprowadzania-dezynfekcji-w-szkole.doc\" class=\"wp-block-file__button\" download>Pobierz<\/a><\/div>\n<\/div><\/div><\/div><\/div>\n<\/div>\n\n\n\n<p><\/p>\n\n\n\n<div id=\"rise-blocks-wp-block-rise-blocks-accordion-4-c8bbc2-de02-a0d-4264-1b65074fcd5\" class=\"wp-block-rise-blocks-accordion\">\n<div id=\"rise-blocks-wp-block-rise-blocks-accordion-item-14-2611b84-faf-b8f6-305-5751f3856fa\" itemscope itemprop=\"mainEntity\" itemtype=\"http:\/\/schema.org\/Question\" class=\"wp-block-rise-blocks-accordion-item\"><div class=\"rise-blocks-accordion-item\"><div class=\"rise-blocks-accordion-item-header\"><h3 itemprop=\"name\"><a href=\"#\">Procedura organizacji przerw oraz dy\u017cur\u00f3w nauczycieli na przerwach<\/a><\/h3><\/div><div class=\"rise-blocks-accordion-content-wrapper\" itemprop=\"acceptedAnswer\" itemscope itemtype=\"http:\/\/schema.org\/Answer\"><div class=\"rise-blocks-accordion-content\" itemprop=\"text\">\n<div class=\"wp-block-file\"><a href=\"http:\/\/zsprabino.edu.pl\/wp-content\/uploads\/2021\/06\/procedura-organizacji-przerw-oraz-dyzurow-nauczycieli-na-przerwach.doc\">Procedura organizacji przerw oraz dy\u017cur\u00f3w nauczycieli na przerwach<\/a><a href=\"http:\/\/zsprabino.edu.pl\/wp-content\/uploads\/2021\/06\/procedura-organizacji-przerw-oraz-dyzurow-nauczycieli-na-przerwach.doc\" class=\"wp-block-file__button\" download>Pobierz<\/a><\/div>\n<\/div><\/div><\/div><\/div>\n\n\n\n<div id=\"rise-blocks-wp-block-rise-blocks-accordion-item-15-7d2c752-eba3-57c1-b514-6f3fefac705\" itemscope itemprop=\"mainEntity\" itemtype=\"http:\/\/schema.org\/Question\" class=\"wp-block-rise-blocks-accordion-item\"><div class=\"rise-blocks-accordion-item\"><div class=\"rise-blocks-accordion-item-header\"><h3 itemprop=\"name\"><a href=\"#\">Regulamin \u015bwietlicy w Zespole Szkolnym<\/a><\/h3><\/div><div class=\"rise-blocks-accordion-content-wrapper\" itemprop=\"acceptedAnswer\" itemscope itemtype=\"http:\/\/schema.org\/Answer\"><div class=\"rise-blocks-accordion-content\" itemprop=\"text\">\n<div class=\"wp-block-file\"><a href=\"http:\/\/zsprabino.edu.pl\/wp-content\/uploads\/2021\/06\/regulamin-swietlicy-w-zespole-szkolno.doc\">Regulamin \u015bwietlicy w Zespole Szkolnym<\/a><a href=\"http:\/\/zsprabino.edu.pl\/wp-content\/uploads\/2021\/06\/regulamin-swietlicy-w-zespole-szkolno.doc\" class=\"wp-block-file__button\" download>Pobierz<\/a><\/div>\n<\/div><\/div><\/div><\/div>\n\n\n\n<div id=\"rise-blocks-wp-block-rise-blocks-accordion-item-16-d8b0b1e-1f8e-7a2b-ed41-ad7655c81e\" itemscope itemprop=\"mainEntity\" itemtype=\"http:\/\/schema.org\/Question\" class=\"wp-block-rise-blocks-accordion-item\"><div class=\"rise-blocks-accordion-item\"><div class=\"rise-blocks-accordion-item-header\"><h3 itemprop=\"name\"><a href=\"#\">Regulamin Samorz\u0105du Uczniowskiego<\/a><\/h3><\/div><div class=\"rise-blocks-accordion-content-wrapper\" itemprop=\"acceptedAnswer\" itemscope itemtype=\"http:\/\/schema.org\/Answer\"><div class=\"rise-blocks-accordion-content\" itemprop=\"text\">\n<div class=\"wp-block-file\"><a href=\"http:\/\/zsprabino.edu.pl\/wp-content\/uploads\/2022\/11\/Regulamin-samorzadu1.docx\">Regulamin-samorzadu1<\/a><a href=\"http:\/\/zsprabino.edu.pl\/wp-content\/uploads\/2022\/11\/Regulamin-samorzadu1.docx\" class=\"wp-block-file__button\" download>Pobierz<\/a><\/div>\n<\/div><\/div><\/div><\/div>\n<\/div>\n<\/div>","protected":false},"excerpt":{"rendered":"","protected":false},"author":3,"featured_media":6430,"parent":43,"menu_order":0,"comment_status":"closed","ping_status":"closed","template":"","meta":{"disable_featured_image":false,"cybocfi_hide_featured_image":""},"rise-blocks_excerpt":"","_links":{"self":[{"href":"https:\/\/zsprabino.edu.pl\/index.php\/wp-json\/wp\/v2\/pages\/46"}],"collection":[{"href":"https:\/\/zsprabino.edu.pl\/index.php\/wp-json\/wp\/v2\/pages"}],"about":[{"href":"https:\/\/zsprabino.edu.pl\/index.php\/wp-json\/wp\/v2\/types\/page"}],"author":[{"embeddable":true,"href":"https:\/\/zsprabino.edu.pl\/index.php\/wp-json\/wp\/v2\/users\/3"}],"replies":[{"embeddable":true,"href":"https:\/\/zsprabino.edu.pl\/index.php\/wp-json\/wp\/v2\/comments?post=46"}],"version-history":[{"count":66,"href":"https:\/\/zsprabino.edu.pl\/index.php\/wp-json\/wp\/v2\/pages\/46\/revisions"}],"predecessor-version":[{"id":6759,"href":"https:\/\/zsprabino.edu.pl\/index.php\/wp-json\/wp\/v2\/pages\/46\/revisions\/6759"}],"up":[{"embeddable":true,"href":"https:\/\/zsprabino.edu.pl\/index.php\/wp-json\/wp\/v2\/pages\/43"}],"wp:featuredmedia":[{"embeddable":true,"href":"https:\/\/zsprabino.edu.pl\/index.php\/wp-json\/wp\/v2\/media\/6430"}],"wp:attachment":[{"href":"https:\/\/zsprabino.edu.pl\/index.php\/wp-json\/wp\/v2\/media?parent=46"}],"curies":[{"name":"wp","href":"https:\/\/api.w.org\/{rel}","templated":true}]}}