{"id":2274,"date":"2023-09-21T07:16:44","date_gmt":"2023-09-21T07:16:44","guid":{"rendered":"http:\/\/zsprabino.edu.pl\/?page_id=2274"},"modified":"2023-09-21T07:17:37","modified_gmt":"2023-09-21T07:17:37","slug":"lacina-na-co-dzien-2","status":"publish","type":"page","link":"https:\/\/zsprabino.edu.pl\/index.php\/lacina-na-co-dzien-2\/","title":{"rendered":"Zesp\u00f3\u0142 Szkolno &#8211; Przedszkolny w R\u0105binie"},"content":{"rendered":"","protected":false},"excerpt":{"rendered":"","protected":false},"author":2,"featured_media":0,"parent":0,"menu_order":0,"comment_status":"closed","ping_status":"closed","template":"","meta":{"disable_featured_image":false,"cybocfi_hide_featured_image":""},"rise-blocks_excerpt":"","_links":{"self":[{"href":"https:\/\/zsprabino.edu.pl\/index.php\/wp-json\/wp\/v2\/pages\/2274"}],"collection":[{"href":"https:\/\/zsprabino.edu.pl\/index.php\/wp-json\/wp\/v2\/pages"}],"about":[{"href":"https:\/\/zsprabino.edu.pl\/index.php\/wp-json\/wp\/v2\/types\/page"}],"author":[{"embeddable":true,"href":"https:\/\/zsprabino.edu.pl\/index.php\/wp-json\/wp\/v2\/users\/2"}],"replies":[{"embeddable":true,"href":"https:\/\/zsprabino.edu.pl\/index.php\/wp-json\/wp\/v2\/comments?post=2274"}],"version-history":[{"count":3,"href":"https:\/\/zsprabino.edu.pl\/index.php\/wp-json\/wp\/v2\/pages\/2274\/revisions"}],"predecessor-version":[{"id":2277,"href":"https:\/\/zsprabino.edu.pl\/index.php\/wp-json\/wp\/v2\/pages\/2274\/revisions\/2277"}],"wp:attachment":[{"href":"https:\/\/zsprabino.edu.pl\/index.php\/wp-json\/wp\/v2\/media?parent=2274"}],"curies":[{"name":"wp","href":"https:\/\/api.w.org\/{rel}","templated":true}]}}